{"id":826,"date":"2025-07-04T12:39:40","date_gmt":"2025-07-04T12:39:40","guid":{"rendered":"https:\/\/izabaranowska.pl\/?page_id=826"},"modified":"2025-07-04T13:09:47","modified_gmt":"2025-07-04T13:09:47","slug":"artykuly","status":"publish","type":"page","link":"https:\/\/izabaranowska.pl\/index.php\/artykuly\/","title":{"rendered":"Artyku\u0142y"},"content":{"rendered":"\t\t<div data-elementor-type=\"wp-page\" data-elementor-id=\"826\" class=\"elementor elementor-826\" data-elementor-post-type=\"page\">\n\t\t\t\t<div class=\"elementor-element elementor-element-220ba4f e-flex e-con-boxed e-con e-parent\" data-id=\"220ba4f\" data-element_type=\"container\" data-e-type=\"container\">\n\t\t\t\t\t<div class=\"e-con-inner\">\n\t\t\t\t\t<\/div>\n\t\t\t\t<\/div>\n\t\t<div class=\"elementor-element elementor-element-136ae46 e-flex e-con-boxed e-con e-parent\" data-id=\"136ae46\" data-element_type=\"container\" data-e-type=\"container\">\n\t\t\t\t\t<div class=\"e-con-inner\">\n\t\t\t\t<div class=\"elementor-element elementor-element-c00f54a elementor-widget elementor-widget-heading\" data-id=\"c00f54a\" data-element_type=\"widget\" data-e-type=\"widget\" data-widget_type=\"heading.default\">\n\t\t\t\t<div class=\"elementor-widget-container\">\n\t\t\t\t\t<h2 class=\"elementor-heading-title elementor-size-default\">Artyku\u0142y<\/h2>\t\t\t\t<\/div>\n\t\t\t\t<\/div>\n\t\t\t\t\t<\/div>\n\t\t\t\t<\/div>\n\t\t<div class=\"elementor-element elementor-element-9f5b128 e-flex e-con-boxed e-con e-parent\" data-id=\"9f5b128\" data-element_type=\"container\" data-e-type=\"container\">\n\t\t\t\t\t<div class=\"e-con-inner\">\n\t\t\t\t<div class=\"elementor-element elementor-element-2c6f2fd elementor-posts--align-left elementor-grid-2 elementor-grid-tablet-2 elementor-grid-mobile-1 elementor-posts--thumbnail-top elementor-posts__hover-gradient elementor-invisible elementor-widget elementor-widget-posts\" data-id=\"2c6f2fd\" data-element_type=\"widget\" data-e-type=\"widget\" data-settings=\"{&quot;cards_row_gap&quot;:{&quot;unit&quot;:&quot;px&quot;,&quot;size&quot;:20,&quot;sizes&quot;:[]},&quot;_animation&quot;:&quot;fadeInUp&quot;,&quot;cards_columns&quot;:&quot;2&quot;,&quot;cards_columns_tablet&quot;:&quot;2&quot;,&quot;cards_columns_mobile&quot;:&quot;1&quot;,&quot;cards_row_gap_tablet&quot;:{&quot;unit&quot;:&quot;px&quot;,&quot;size&quot;:&quot;&quot;,&quot;sizes&quot;:[]},&quot;cards_row_gap_mobile&quot;:{&quot;unit&quot;:&quot;px&quot;,&quot;size&quot;:&quot;&quot;,&quot;sizes&quot;:[]}}\" data-widget_type=\"posts.cards\">\n\t\t\t\t<div class=\"elementor-widget-container\">\n\t\t\t\t\t\t\t<div class=\"elementor-posts-container elementor-posts elementor-posts--skin-cards elementor-grid\" role=\"list\">\n\t\t\t\t<article class=\"elementor-post elementor-grid-item post-894 post type-post status-publish format-standard has-post-thumbnail hentry category-uncategorized\" role=\"listitem\">\n\t\t\t<div class=\"elementor-post__card\">\n\t\t\t\t<a class=\"elementor-post__thumbnail__link\" href=\"https:\/\/izabaranowska.pl\/index.php\/2025\/07\/07\/gadzety-premium\/\" tabindex=\"-1\" ><div class=\"elementor-post__thumbnail\"><img fetchpriority=\"high\" decoding=\"async\" width=\"674\" height=\"674\" src=\"https:\/\/izabaranowska.pl\/wp-content\/uploads\/2025\/07\/wpis-grafika-3.png\" class=\"attachment-medium_large size-medium_large wp-image-897\" alt=\"\" srcset=\"https:\/\/izabaranowska.pl\/wp-content\/uploads\/2025\/07\/wpis-grafika-3.png 674w, https:\/\/izabaranowska.pl\/wp-content\/uploads\/2025\/07\/wpis-grafika-3-300x300.png 300w, https:\/\/izabaranowska.pl\/wp-content\/uploads\/2025\/07\/wpis-grafika-3-150x150.png 150w\" sizes=\"(max-width: 674px) 100vw, 674px\" \/><\/div><\/a>\n\t\t\t\t<div class=\"elementor-post__text\">\n\t\t\t\t<h3 class=\"elementor-post__title\">\n\t\t\t<a href=\"https:\/\/izabaranowska.pl\/index.php\/2025\/07\/07\/gadzety-premium\/\" >\n\t\t\t\tGad\u017cety premium\t\t\t<\/a>\n\t\t<\/h3>\n\t\t\t\t<div class=\"elementor-post__excerpt\">\n\t\t\t<p>Jak jako\u015b\u0107 i funkcjonalno\u015b\u0107 gad\u017cet\u00f3w wspiera wizerunek firmy ju\u017c od pierwszego kontaktu.<\/p>\n\t\t<\/div>\n\t\t\n\t\t<a class=\"elementor-post__read-more\" href=\"https:\/\/izabaranowska.pl\/index.php\/2025\/07\/07\/gadzety-premium\/\" aria-label=\"Read more about Gad\u017cety premium\" tabindex=\"-1\" >\n\t\t\tCzytaj wi\u0119cej  &gt;\t\t<\/a>\n\n\t\t\t\t<\/div>\n\t\t\t\t\t<\/div>\n\t\t<\/article>\n\t\t\t\t<article class=\"elementor-post elementor-grid-item post-739 post type-post status-publish format-standard has-post-thumbnail hentry category-uncategorized\" role=\"listitem\">\n\t\t\t<div class=\"elementor-post__card\">\n\t\t\t\t<a class=\"elementor-post__thumbnail__link\" href=\"https:\/\/izabaranowska.pl\/index.php\/2025\/07\/04\/od-onboarding-boxa-do-kultury-doceniania\/\" tabindex=\"-1\" ><div class=\"elementor-post__thumbnail\"><img decoding=\"async\" width=\"768\" height=\"512\" src=\"https:\/\/izabaranowska.pl\/wp-content\/uploads\/2025\/07\/AdobeStock_348676163-768x512.jpeg\" class=\"attachment-medium_large size-medium_large wp-image-743\" alt=\"\" srcset=\"https:\/\/izabaranowska.pl\/wp-content\/uploads\/2025\/07\/AdobeStock_348676163-768x512.jpeg 768w, https:\/\/izabaranowska.pl\/wp-content\/uploads\/2025\/07\/AdobeStock_348676163-300x200.jpeg 300w, https:\/\/izabaranowska.pl\/wp-content\/uploads\/2025\/07\/AdobeStock_348676163-1024x683.jpeg 1024w, https:\/\/izabaranowska.pl\/wp-content\/uploads\/2025\/07\/AdobeStock_348676163-1536x1025.jpeg 1536w, https:\/\/izabaranowska.pl\/wp-content\/uploads\/2025\/07\/AdobeStock_348676163-2048x1367.jpeg 2048w\" sizes=\"(max-width: 768px) 100vw, 768px\" \/><\/div><\/a>\n\t\t\t\t<div class=\"elementor-post__text\">\n\t\t\t\t<h3 class=\"elementor-post__title\">\n\t\t\t<a href=\"https:\/\/izabaranowska.pl\/index.php\/2025\/07\/04\/od-onboarding-boxa-do-kultury-doceniania\/\" >\n\t\t\t\tOd onboarding boxa do kultury doceniania\t\t\t<\/a>\n\t\t<\/h3>\n\t\t\t\t<div class=\"elementor-post__excerpt\">\n\t\t\t<p>Jak strategicznie wykorzystywa\u0107 firmowe gad\u017cety w HR i komunikacji wewn\u0119trznej.<\/p>\n\t\t<\/div>\n\t\t\n\t\t<a class=\"elementor-post__read-more\" href=\"https:\/\/izabaranowska.pl\/index.php\/2025\/07\/04\/od-onboarding-boxa-do-kultury-doceniania\/\" aria-label=\"Read more about Od onboarding boxa do kultury doceniania\" tabindex=\"-1\" >\n\t\t\tCzytaj wi\u0119cej  &gt;\t\t<\/a>\n\n\t\t\t\t<\/div>\n\t\t\t\t\t<\/div>\n\t\t<\/article>\n\t\t\t\t<article class=\"elementor-post elementor-grid-item post-656 post type-post status-publish format-standard has-post-thumbnail hentry category-uncategorized\" role=\"listitem\">\n\t\t\t<div class=\"elementor-post__card\">\n\t\t\t\t<a class=\"elementor-post__thumbnail__link\" href=\"https:\/\/izabaranowska.pl\/index.php\/2025\/07\/04\/pierwsze-wrazenie-ma-znaczenie\/\" tabindex=\"-1\" ><div class=\"elementor-post__thumbnail\"><img decoding=\"async\" width=\"768\" height=\"480\" src=\"https:\/\/izabaranowska.pl\/wp-content\/uploads\/2025\/07\/AdobeStock_351824207-768x480.jpeg\" class=\"attachment-medium_large size-medium_large wp-image-742\" alt=\"\" srcset=\"https:\/\/izabaranowska.pl\/wp-content\/uploads\/2025\/07\/AdobeStock_351824207-768x480.jpeg 768w, https:\/\/izabaranowska.pl\/wp-content\/uploads\/2025\/07\/AdobeStock_351824207-300x188.jpeg 300w, https:\/\/izabaranowska.pl\/wp-content\/uploads\/2025\/07\/AdobeStock_351824207-1024x640.jpeg 1024w, https:\/\/izabaranowska.pl\/wp-content\/uploads\/2025\/07\/AdobeStock_351824207-1536x960.jpeg 1536w, https:\/\/izabaranowska.pl\/wp-content\/uploads\/2025\/07\/AdobeStock_351824207-2048x1280.jpeg 2048w\" sizes=\"(max-width: 768px) 100vw, 768px\" \/><\/div><\/a>\n\t\t\t\t<div class=\"elementor-post__text\">\n\t\t\t\t<h3 class=\"elementor-post__title\">\n\t\t\t<a href=\"https:\/\/izabaranowska.pl\/index.php\/2025\/07\/04\/pierwsze-wrazenie-ma-znaczenie\/\" >\n\t\t\t\tPierwsze wra\u017cenie ma znaczenie\t\t\t<\/a>\n\t\t<\/h3>\n\t\t\t\t<div class=\"elementor-post__excerpt\">\n\t\t\t<p>Jak onboarding wspierany gad\u017cetami firmowymi buduje lojalno\u015b\u0107 pracownik\u00f3w od pierwszego dnia?<\/p>\n\t\t<\/div>\n\t\t\n\t\t<a class=\"elementor-post__read-more\" href=\"https:\/\/izabaranowska.pl\/index.php\/2025\/07\/04\/pierwsze-wrazenie-ma-znaczenie\/\" aria-label=\"Read more about Pierwsze wra\u017cenie ma znaczenie\" tabindex=\"-1\" >\n\t\t\tCzytaj wi\u0119cej  &gt;\t\t<\/a>\n\n\t\t\t\t<\/div>\n\t\t\t\t\t<\/div>\n\t\t<\/article>\n\t\t\t\t<\/div>\n\t\t\n\t\t\t\t\t\t<\/div>\n\t\t\t\t<\/div>\n\t\t\t\t\t<\/div>\n\t\t\t\t<\/div>\n\t\t\t\t<\/div>\n\t\t","protected":false},"excerpt":{"rendered":"<p>Artyku\u0142y<\/p>\n","protected":false},"author":4,"featured_media":0,"parent":0,"menu_order":0,"comment_status":"closed","ping_status":"closed","template":"elementor_header_footer","meta":{"footnotes":""},"class_list":["post-826","page","type-page","status-publish","hentry"],"_links":{"self":[{"href":"https:\/\/izabaranowska.pl\/index.php\/wp-json\/wp\/v2\/pages\/826","targetHints":{"allow":["GET"]}}],"collection":[{"href":"https:\/\/izabaranowska.pl\/index.php\/wp-json\/wp\/v2\/pages"}],"about":[{"href":"https:\/\/izabaranowska.pl\/index.php\/wp-json\/wp\/v2\/types\/page"}],"author":[{"embeddable":true,"href":"https:\/\/izabaranowska.pl\/index.php\/wp-json\/wp\/v2\/users\/4"}],"replies":[{"embeddable":true,"href":"https:\/\/izabaranowska.pl\/index.php\/wp-json\/wp\/v2\/comments?post=826"}],"version-history":[{"count":16,"href":"https:\/\/izabaranowska.pl\/index.php\/wp-json\/wp\/v2\/pages\/826\/revisions"}],"predecessor-version":[{"id":847,"href":"https:\/\/izabaranowska.pl\/index.php\/wp-json\/wp\/v2\/pages\/826\/revisions\/847"}],"wp:attachment":[{"href":"https:\/\/izabaranowska.pl\/index.php\/wp-json\/wp\/v2\/media?parent=826"}],"curies":[{"name":"wp","href":"https:\/\/api.w.org\/{rel}","templated":true}]}}